
{"id":380,"date":"2025-11-06T08:46:45","date_gmt":"2025-11-06T08:46:45","guid":{"rendered":"https:\/\/darkslateblue-gull-215922.hostingersite.com\/?page_id=380"},"modified":"2025-12-02T12:37:03","modified_gmt":"2025-12-02T12:37:03","slug":"entertainment","status":"publish","type":"page","link":"https:\/\/laststopgroup.net\/de\/entertainment\/","title":{"rendered":"Unterhaltung"},"content":{"rendered":"<div data-elementor-type=\"wp-page\" data-elementor-id=\"380\" class=\"elementor elementor-380\" data-elementor-post-type=\"page\">\n\t\t\t\t<div class=\"elementor-element elementor-element-5373e3d e-con-full e-flex e-con e-parent\" data-id=\"5373e3d\" data-element_type=\"container\" data-settings=\"{&quot;background_background&quot;:&quot;classic&quot;}\">\n\t\t\t\t<div class=\"elementor-element elementor-element-79ace5c elementor-widget elementor-widget-heading\" data-id=\"79ace5c\" data-element_type=\"widget\" data-widget_type=\"heading.default\">\n\t\t\t\t<div class=\"elementor-widget-container\">\n\t\t\t\t\t<h1 class=\"elementor-heading-title elementor-size-default\">Unterhaltung<\/h1>\t\t\t\t<\/div>\n\t\t\t\t<\/div>\n\t\t\t\t<\/div>\n\t\t<div class=\"elementor-element elementor-element-4967e68 e-flex e-con-boxed e-con e-parent\" data-id=\"4967e68\" data-element_type=\"container\" id=\"musical-concerts\">\n\t\t\t\t\t<div class=\"e-con-inner\">\n\t\t<div class=\"elementor-element elementor-element-030fa0d e-flex e-con-boxed e-con e-child\" data-id=\"030fa0d\" data-element_type=\"container\">\n\t\t\t\t\t<div class=\"e-con-inner\">\n\t\t<div class=\"elementor-element elementor-element-d4cd0a9 e-con-full e-flex e-con e-child\" data-id=\"d4cd0a9\" data-element_type=\"container\">\n\t\t\t\t<div class=\"elementor-element elementor-element-1fb1da8 elementor-invisible elementor-widget elementor-widget-heading\" data-id=\"1fb1da8\" data-element_type=\"widget\" data-settings=\"{&quot;_animation&quot;:&quot;fadeInUp&quot;}\" data-widget_type=\"heading.default\">\n\t\t\t\t<div class=\"elementor-widget-container\">\n\t\t\t\t\t<h2 class=\"elementor-heading-title elementor-size-default\">Konzerte<\/h2>\t\t\t\t<\/div>\n\t\t\t\t<\/div>\n\t\t\t\t<div class=\"elementor-element elementor-element-0ccbc50 elementor-widget__width-initial elementor-invisible elementor-widget elementor-widget-text-editor\" data-id=\"0ccbc50\" data-element_type=\"widget\" data-settings=\"{&quot;_animation&quot;:&quot;fadeInUp&quot;}\" data-widget_type=\"text-editor.default\">\n\t\t\t\t<div class=\"elementor-widget-container\">\n\t\t\t\t\t\t\t\t\tDie Veranstaltungen sind lebhaft und energiegeladen und verbinden die emotionale Darbietung des K\u00fcnstlers mit der Interaktion mit dem Live-Publikum. So entsteht ein einzigartiges Erlebnis, das unvergessliche Erinnerungen schafft und die Beziehungen zwischen den Menschen in einer Atmosph\u00e4re der Freude und Verbundenheit st\u00e4rkt.\t\t\t\t\t\t\t\t<\/div>\n\t\t\t\t<\/div>\n\t\t\t\t<div class=\"elementor-element elementor-element-dc902f1 elementor-invisible elementor-widget elementor-widget-tourmfeatures\" data-id=\"dc902f1\" data-element_type=\"widget\" data-settings=\"{&quot;_animation&quot;:&quot;fadeIn&quot;}\" data-widget_type=\"tourmfeatures.default\">\n\t\t\t\t<div class=\"elementor-widget-container\">\n\t\t\t\t\t<div class=\"choose-about style2 hover-item item-active\"><div class=\"choose-about_icon\"><img decoding=\"async\" src=\"https:\/\/laststopgroup.net\/wp-content\/uploads\/2025\/11\/musical-note.png\" alt=\"image\"><\/div><div class=\"media-body\"><h3 class=\"box-title\">Fantastische Live-Performance<\/h3><p class=\"choose-about_text desc\">Genie\u00dfen Sie die Stimmen der K\u00fcnstler in einer Atmosph\u00e4re voller Leidenschaft.<\/p><\/div><\/div><div class=\"choose-about style2 hover-item\"><div class=\"choose-about_icon\"><img decoding=\"async\" src=\"https:\/\/laststopgroup.net\/wp-content\/uploads\/2025\/11\/musical-note-1-1.png\" alt=\"image\"><\/div><div class=\"media-body\"><h3 class=\"box-title\">Unvergessliche Erinnerungen<\/h3><p class=\"choose-about_text desc\">Momente, die in der Erinnerung unsterblich bleiben.<\/p><\/div><\/div>\t\t\t\t<\/div>\n\t\t\t\t<\/div>\n\t\t\t\t<\/div>\n\t\t<div class=\"elementor-element elementor-element-d0b7313 e-con-full e-flex e-con e-child\" data-id=\"d0b7313\" data-element_type=\"container\">\n\t\t\t\t<div class=\"elementor-element elementor-element-9321065 elementor-invisible elementor-widget elementor-widget-image\" data-id=\"9321065\" data-element_type=\"widget\" data-settings=\"{&quot;_animation&quot;:&quot;zoomIn&quot;}\" data-widget_type=\"image.default\">\n\t\t\t\t<div class=\"elementor-widget-container\">\n\t\t\t\t\t\t\t\t\t\t\t\t\t\t\t<img fetchpriority=\"high\" decoding=\"async\" width=\"751\" height=\"501\" src=\"https:\/\/laststopgroup.net\/wp-content\/uploads\/2025\/11\/822152.jpeg-1024x683.webp\" class=\"attachment-large size-large wp-image-385\" alt=\"\" srcset=\"https:\/\/laststopgroup.net\/wp-content\/uploads\/2025\/11\/822152.jpeg-1024x683.webp 1024w, https:\/\/laststopgroup.net\/wp-content\/uploads\/2025\/11\/822152.jpeg-300x200.webp 300w, https:\/\/laststopgroup.net\/wp-content\/uploads\/2025\/11\/822152.jpeg-768x512.webp 768w, https:\/\/laststopgroup.net\/wp-content\/uploads\/2025\/11\/822152.jpeg-600x400.webp 600w, https:\/\/laststopgroup.net\/wp-content\/uploads\/2025\/11\/822152.jpeg.webp 1500w\" sizes=\"(max-width: 751px) 100vw, 751px\" \/>\t\t\t\t\t\t\t\t\t\t\t\t\t\t\t<\/div>\n\t\t\t\t<\/div>\n\t\t\t\t<\/div>\n\t\t\t\t\t<\/div>\n\t\t\t\t<\/div>\n\t\t\t\t\t<\/div>\n\t\t\t\t<\/div>\n\t\t<div class=\"elementor-element elementor-element-f760ceb e-flex e-con-boxed e-con e-parent\" data-id=\"f760ceb\" data-element_type=\"container\" id=\"folk-performances\">\n\t\t\t\t\t<div class=\"e-con-inner\">\n\t\t<div class=\"elementor-element elementor-element-9cf6dfa e-flex e-con-boxed e-con e-child\" data-id=\"9cf6dfa\" data-element_type=\"container\">\n\t\t\t\t\t<div class=\"e-con-inner\">\n\t\t<div class=\"elementor-element elementor-element-3940dfd e-con-full e-flex e-con e-child\" data-id=\"3940dfd\" data-element_type=\"container\">\n\t\t\t\t<div class=\"elementor-element elementor-element-515daaf elementor-invisible elementor-widget elementor-widget-image\" data-id=\"515daaf\" data-element_type=\"widget\" data-settings=\"{&quot;_animation&quot;:&quot;zoomIn&quot;}\" data-widget_type=\"image.default\">\n\t\t\t\t<div class=\"elementor-widget-container\">\n\t\t\t\t\t\t\t\t\t\t\t\t\t\t\t<img decoding=\"async\" width=\"751\" height=\"422\" src=\"https:\/\/laststopgroup.net\/wp-content\/uploads\/2025\/11\/IMG-20200717-WA0006-1024x576.jpg\" class=\"attachment-large size-large wp-image-398\" alt=\"\" srcset=\"https:\/\/laststopgroup.net\/wp-content\/uploads\/2025\/11\/IMG-20200717-WA0006-1024x576.jpg 1024w, https:\/\/laststopgroup.net\/wp-content\/uploads\/2025\/11\/IMG-20200717-WA0006-300x169.jpg 300w, https:\/\/laststopgroup.net\/wp-content\/uploads\/2025\/11\/IMG-20200717-WA0006-768x432.jpg 768w, https:\/\/laststopgroup.net\/wp-content\/uploads\/2025\/11\/IMG-20200717-WA0006-600x338.jpg 600w, https:\/\/laststopgroup.net\/wp-content\/uploads\/2025\/11\/IMG-20200717-WA0006.jpg 1280w\" sizes=\"(max-width: 751px) 100vw, 751px\" \/>\t\t\t\t\t\t\t\t\t\t\t\t\t\t\t<\/div>\n\t\t\t\t<\/div>\n\t\t\t\t<\/div>\n\t\t<div class=\"elementor-element elementor-element-2301089 e-con-full e-flex e-con e-child\" data-id=\"2301089\" data-element_type=\"container\">\n\t\t\t\t<div class=\"elementor-element elementor-element-f511fa9 elementor-invisible elementor-widget elementor-widget-heading\" data-id=\"f511fa9\" data-element_type=\"widget\" data-settings=\"{&quot;_animation&quot;:&quot;fadeInUp&quot;}\" data-widget_type=\"heading.default\">\n\t\t\t\t<div class=\"elementor-widget-container\">\n\t\t\t\t\t<h2 class=\"elementor-heading-title elementor-size-default\">Folkloreauff\u00fchrungen<\/h2>\t\t\t\t<\/div>\n\t\t\t\t<\/div>\n\t\t\t\t<div class=\"elementor-element elementor-element-c68d342 elementor-widget__width-initial elementor-invisible elementor-widget elementor-widget-text-editor\" data-id=\"c68d342\" data-element_type=\"widget\" data-settings=\"{&quot;_animation&quot;:&quot;fadeInUp&quot;}\" data-widget_type=\"text-editor.default\">\n\t\t\t\t<div class=\"elementor-widget-container\">\n\t\t\t\t\t\t\t\t\tEin faszinierendes Fenster in das Erbe und die Kultur der V\u00f6lker; es spiegelt ihre Geschichte wider, dr\u00fcckt ihre Br\u00e4uche aus und verk\u00f6rpert ihren Geist durch authentischen Gesang, harmonische T\u00e4nze und traditionelle Musik.\t\t\t\t\t\t\t\t<\/div>\n\t\t\t\t<\/div>\n\t\t\t\t<div class=\"elementor-element elementor-element-12e37c4 elementor-invisible elementor-widget elementor-widget-tourmfeatures\" data-id=\"12e37c4\" data-element_type=\"widget\" data-settings=\"{&quot;_animation&quot;:&quot;fadeIn&quot;}\" data-widget_type=\"tourmfeatures.default\">\n\t\t\t\t<div class=\"elementor-widget-container\">\n\t\t\t\t\t<div class=\"choose-about style2 hover-item item-active\"><div class=\"choose-about_icon\"><img decoding=\"async\" src=\"https:\/\/laststopgroup.net\/wp-content\/uploads\/2025\/11\/dancer.png\" alt=\"image\"><\/div><div class=\"media-body\"><h3 class=\"box-title\">Traditionelle T\u00e4nze<\/h3><p class=\"choose-about_text desc\">Eine Auff\u00fchrung, die die Authentizit\u00e4t der Vergangenheit und die Sch\u00f6nheit der Harmonie widerspiegelt.<\/p><\/div><\/div><div class=\"choose-about style2 hover-item\"><div class=\"choose-about_icon\"><img decoding=\"async\" src=\"https:\/\/laststopgroup.net\/wp-content\/uploads\/2025\/11\/music.png\" alt=\"image\"><\/div><div class=\"media-body\"><h3 class=\"box-title\">Traditionelle Melodien<\/h3><p class=\"choose-about_text desc\">Musik, die den Geist der Kultur in die Gegenwart holt.<\/p><\/div><\/div>\t\t\t\t<\/div>\n\t\t\t\t<\/div>\n\t\t\t\t<\/div>\n\t\t\t\t\t<\/div>\n\t\t\t\t<\/div>\n\t\t\t\t\t<\/div>\n\t\t\t\t<\/div>\n\t\t<div class=\"elementor-element elementor-element-adce6b2 e-flex e-con-boxed e-con e-parent\" data-id=\"adce6b2\" data-element_type=\"container\" id=\"clown-and-cartoon-shows\">\n\t\t\t\t\t<div class=\"e-con-inner\">\n\t\t<div class=\"elementor-element elementor-element-ec2a3cf e-flex e-con-boxed e-con e-child\" data-id=\"ec2a3cf\" data-element_type=\"container\">\n\t\t\t\t\t<div class=\"e-con-inner\">\n\t\t<div class=\"elementor-element elementor-element-693c105 e-con-full e-flex e-con e-child\" data-id=\"693c105\" data-element_type=\"container\">\n\t\t\t\t<div class=\"elementor-element elementor-element-bd7f207 elementor-invisible elementor-widget elementor-widget-heading\" data-id=\"bd7f207\" data-element_type=\"widget\" data-settings=\"{&quot;_animation&quot;:&quot;fadeInUp&quot;}\" data-widget_type=\"heading.default\">\n\t\t\t\t<div class=\"elementor-widget-container\">\n\t\t\t\t\t<h2 class=\"elementor-heading-title elementor-size-default\">Clown- und Zeichentrickfiguren-Shows<\/h2>\t\t\t\t<\/div>\n\t\t\t\t<\/div>\n\t\t\t\t<div class=\"elementor-element elementor-element-b15bdcc elementor-widget__width-initial elementor-invisible elementor-widget elementor-widget-text-editor\" data-id=\"b15bdcc\" data-element_type=\"widget\" data-settings=\"{&quot;_animation&quot;:&quot;fadeInUp&quot;}\" data-widget_type=\"text-editor.default\">\n\t\t\t\t<div class=\"elementor-widget-container\">\n\t\t\t\t\t\t\t\t\tFreuen Sie sich auf ein fr\u00f6hliches und unvergessliches Erlebnis mit Clown- und Zeichentrickfiguren-Shows, die Sie in eine magische Atmosph\u00e4re voller Spa\u00df und Lachen entf\u00fchren. Erleben Sie spannende Abenteuer mit beliebten Charakteren, die den Alltag hinter sich lassen und f\u00fcr jede Menge Kreativit\u00e4t sorgen.\t\t\t\t\t\t\t\t<\/div>\n\t\t\t\t<\/div>\n\t\t\t\t<div class=\"elementor-element elementor-element-4be1a88 elementor-invisible elementor-widget elementor-widget-tourmfeatures\" data-id=\"4be1a88\" data-element_type=\"widget\" data-settings=\"{&quot;_animation&quot;:&quot;fadeIn&quot;}\" data-widget_type=\"tourmfeatures.default\">\n\t\t\t\t<div class=\"elementor-widget-container\">\n\t\t\t\t\t<div class=\"choose-about style2 hover-item item-active\"><div class=\"choose-about_icon\"><img decoding=\"async\" src=\"https:\/\/laststopgroup.net\/wp-content\/uploads\/2025\/11\/happy-face.png\" alt=\"image\"><\/div><div class=\"media-body\"><h3 class=\"box-title\">endlose Freude<\/h3><p class=\"choose-about_text desc\">Anhaltendes Lachen erf\u00fcllt den Raum mit Freude.<\/p><\/div><\/div><div class=\"choose-about style2 hover-item\"><div class=\"choose-about_icon\"><img decoding=\"async\" src=\"https:\/\/laststopgroup.net\/wp-content\/uploads\/2025\/11\/party-popper.png\" alt=\"image\"><\/div><div class=\"media-body\"><h3 class=\"box-title\">Kreativit\u00e4t und Vitalit\u00e4t<\/h3><p class=\"choose-about_text desc\">Unterhaltsame Shows, die positive Energie in den Menschen wecken.<\/p><\/div><\/div>\t\t\t\t<\/div>\n\t\t\t\t<\/div>\n\t\t\t\t<\/div>\n\t\t<div class=\"elementor-element elementor-element-c8f86a6 e-con-full e-flex e-con e-child\" data-id=\"c8f86a6\" data-element_type=\"container\">\n\t\t\t\t<div class=\"elementor-element elementor-element-8353ea0 elementor-invisible elementor-widget elementor-widget-image\" data-id=\"8353ea0\" data-element_type=\"widget\" data-settings=\"{&quot;_animation&quot;:&quot;zoomIn&quot;}\" data-widget_type=\"image.default\">\n\t\t\t\t<div class=\"elementor-widget-container\">\n\t\t\t\t\t\t\t\t\t\t\t\t\t\t\t<img decoding=\"async\" width=\"751\" height=\"575\" src=\"https:\/\/laststopgroup.net\/wp-content\/uploads\/2025\/11\/3140698.jpg\" class=\"attachment-large size-large wp-image-400\" alt=\"\" srcset=\"https:\/\/laststopgroup.net\/wp-content\/uploads\/2025\/11\/3140698.jpg 800w, https:\/\/laststopgroup.net\/wp-content\/uploads\/2025\/11\/3140698-300x230.jpg 300w, https:\/\/laststopgroup.net\/wp-content\/uploads\/2025\/11\/3140698-768x588.jpg 768w, https:\/\/laststopgroup.net\/wp-content\/uploads\/2025\/11\/3140698-600x460.jpg 600w\" sizes=\"(max-width: 751px) 100vw, 751px\" \/>\t\t\t\t\t\t\t\t\t\t\t\t\t\t\t<\/div>\n\t\t\t\t<\/div>\n\t\t\t\t<\/div>\n\t\t\t\t\t<\/div>\n\t\t\t\t<\/div>\n\t\t\t\t\t<\/div>\n\t\t\t\t<\/div>\n\t\t<div class=\"elementor-element elementor-element-f40beab e-flex e-con-boxed e-con e-parent\" data-id=\"f40beab\" data-element_type=\"container\" id=\"group-competitions\">\n\t\t\t\t\t<div class=\"e-con-inner\">\n\t\t<div class=\"elementor-element elementor-element-3093a44 e-flex e-con-boxed e-con e-child\" data-id=\"3093a44\" data-element_type=\"container\">\n\t\t\t\t\t<div class=\"e-con-inner\">\n\t\t<div class=\"elementor-element elementor-element-05e5218 e-con-full e-flex e-con e-child\" data-id=\"05e5218\" data-element_type=\"container\">\n\t\t\t\t<div class=\"elementor-element elementor-element-0f14647 elementor-invisible elementor-widget elementor-widget-image\" data-id=\"0f14647\" data-element_type=\"widget\" data-settings=\"{&quot;_animation&quot;:&quot;zoomIn&quot;}\" data-widget_type=\"image.default\">\n\t\t\t\t<div class=\"elementor-widget-container\">\n\t\t\t\t\t\t\t\t\t\t\t\t\t\t\t<img loading=\"lazy\" decoding=\"async\" width=\"751\" height=\"395\" src=\"https:\/\/laststopgroup.net\/wp-content\/uploads\/2025\/11\/6497eabdad4392b4f31417f3_fitness-based-team-building-day-1024x538.webp\" class=\"attachment-large size-large wp-image-1420\" alt=\"\" srcset=\"https:\/\/laststopgroup.net\/wp-content\/uploads\/2025\/11\/6497eabdad4392b4f31417f3_fitness-based-team-building-day-1024x538.webp 1024w, https:\/\/laststopgroup.net\/wp-content\/uploads\/2025\/11\/6497eabdad4392b4f31417f3_fitness-based-team-building-day-300x158.webp 300w, https:\/\/laststopgroup.net\/wp-content\/uploads\/2025\/11\/6497eabdad4392b4f31417f3_fitness-based-team-building-day-768x403.webp 768w, https:\/\/laststopgroup.net\/wp-content\/uploads\/2025\/11\/6497eabdad4392b4f31417f3_fitness-based-team-building-day.webp 1200w\" sizes=\"(max-width: 751px) 100vw, 751px\" \/>\t\t\t\t\t\t\t\t\t\t\t\t\t\t\t<\/div>\n\t\t\t\t<\/div>\n\t\t\t\t<\/div>\n\t\t<div class=\"elementor-element elementor-element-bef1196 e-con-full e-flex e-con e-child\" data-id=\"bef1196\" data-element_type=\"container\">\n\t\t\t\t<div class=\"elementor-element elementor-element-8bbc147 elementor-invisible elementor-widget elementor-widget-heading\" data-id=\"8bbc147\" data-element_type=\"widget\" data-settings=\"{&quot;_animation&quot;:&quot;fadeInUp&quot;}\" data-widget_type=\"heading.default\">\n\t\t\t\t<div class=\"elementor-widget-container\">\n\t\t\t\t\t<h2 class=\"elementor-heading-title elementor-size-default\">Mannschaftswettbewerbe<\/h2>\t\t\t\t<\/div>\n\t\t\t\t<\/div>\n\t\t\t\t<div class=\"elementor-element elementor-element-8cafdb7 elementor-widget__width-initial elementor-invisible elementor-widget elementor-widget-text-editor\" data-id=\"8cafdb7\" data-element_type=\"widget\" data-settings=\"{&quot;_animation&quot;:&quot;fadeInUp&quot;}\" data-widget_type=\"text-editor.default\">\n\t\t\t\t<div class=\"elementor-widget-container\">\n\t\t\t\t\t\t\t\t\tDiese Aktivit\u00e4ten bringen Menschen zusammen, um starke Bindungen aufzubauen, Vertrauen zu f\u00f6rdern und gemeinsame Ziele zu erreichen. So entsteht ein anregendes und motivierendes Arbeits- und Kooperationsumfeld. Sie bieten mehr als nur Spa\u00df: Sie entwickeln wichtige Kompetenzen wie Teamf\u00e4higkeit, Kommunikationsst\u00e4rke und Probleml\u00f6sungskompetenz und f\u00f6rdern die pers\u00f6nliche und soziale Entwicklung in einer positiven und interaktiven Atmosph\u00e4re.\t\t\t\t\t\t\t\t<\/div>\n\t\t\t\t<\/div>\n\t\t\t\t<div class=\"elementor-element elementor-element-fe9ce1f elementor-invisible elementor-widget elementor-widget-tourmfeatures\" data-id=\"fe9ce1f\" data-element_type=\"widget\" data-settings=\"{&quot;_animation&quot;:&quot;fadeIn&quot;}\" data-widget_type=\"tourmfeatures.default\">\n\t\t\t\t<div class=\"elementor-widget-container\">\n\t\t\t\t\t<div class=\"choose-about style2 hover-item item-active\"><div class=\"choose-about_icon\"><img decoding=\"async\" src=\"https:\/\/laststopgroup.net\/wp-content\/uploads\/2025\/11\/group-1.png\" alt=\"image\"><\/div><div class=\"media-body\"><h3 class=\"box-title\">Teamgeist<\/h3><p class=\"choose-about_text desc\">Starke Beziehungen durch Zusammenarbeit und Freude aufbauen.<\/p><\/div><\/div><div class=\"choose-about style2 hover-item\"><div class=\"choose-about_icon\"><img decoding=\"async\" src=\"https:\/\/laststopgroup.net\/wp-content\/uploads\/2025\/11\/self-confidence.png\" alt=\"image\"><\/div><div class=\"media-body\"><h3 class=\"box-title\">Selbstentwicklung<\/h3><p class=\"choose-about_text desc\">Verbesserung der Kommunikationsf\u00e4higkeit und des Selbstvertrauens.<\/p><\/div><\/div>\t\t\t\t<\/div>\n\t\t\t\t<\/div>\n\t\t\t\t<\/div>\n\t\t\t\t\t<\/div>\n\t\t\t\t<\/div>\n\t\t\t\t\t<\/div>\n\t\t\t\t<\/div>\n\t\t<div class=\"elementor-element elementor-element-6ad6da3 e-flex e-con-boxed e-con e-parent\" data-id=\"6ad6da3\" data-element_type=\"container\" id=\"sports-activities\">\n\t\t\t\t\t<div class=\"e-con-inner\">\n\t\t<div class=\"elementor-element elementor-element-49ca5cf e-flex e-con-boxed e-con e-child\" data-id=\"49ca5cf\" data-element_type=\"container\">\n\t\t\t\t\t<div class=\"e-con-inner\">\n\t\t<div class=\"elementor-element elementor-element-4d0abed e-con-full e-flex e-con e-child\" data-id=\"4d0abed\" data-element_type=\"container\">\n\t\t\t\t<div class=\"elementor-element elementor-element-284e145 elementor-invisible elementor-widget elementor-widget-heading\" data-id=\"284e145\" data-element_type=\"widget\" data-settings=\"{&quot;_animation&quot;:&quot;fadeInUp&quot;}\" data-widget_type=\"heading.default\">\n\t\t\t\t<div class=\"elementor-widget-container\">\n\t\t\t\t\t<h2 class=\"elementor-heading-title elementor-size-default\">Sportliche Aktivit\u00e4ten<\/h2>\t\t\t\t<\/div>\n\t\t\t\t<\/div>\n\t\t\t\t<div class=\"elementor-element elementor-element-78a796f elementor-widget__width-initial elementor-invisible elementor-widget elementor-widget-text-editor\" data-id=\"78a796f\" data-element_type=\"widget\" data-settings=\"{&quot;_animation&quot;:&quot;fadeInUp&quot;}\" data-widget_type=\"text-editor.default\">\n\t\t\t\t<div class=\"elementor-widget-container\">\n\t\t\t\t\t\t\t\t\tDiese Aktivit\u00e4ten, die Vitalit\u00e4t und Energie steigern, gehen weit \u00fcber blo\u00dfe k\u00f6rperliche Bet\u00e4tigung hinaus und werden zu einer Reise hin zu besserer Gesundheit, tieferem psychischen Gleichgewicht und einem starken Charakter. Sie bieten die M\u00f6glichkeit, stimmungsaufhellende Endorphine zu entdecken und wichtige Lebenskompetenzen wie Geduld und Teamf\u00e4higkeit zu entwickeln.\t\t\t\t\t\t\t\t<\/div>\n\t\t\t\t<\/div>\n\t\t\t\t<div class=\"elementor-element elementor-element-465b7a9 elementor-invisible elementor-widget elementor-widget-tourmfeatures\" data-id=\"465b7a9\" data-element_type=\"widget\" data-settings=\"{&quot;_animation&quot;:&quot;fadeIn&quot;}\" data-widget_type=\"tourmfeatures.default\">\n\t\t\t\t<div class=\"elementor-widget-container\">\n\t\t\t\t\t<div class=\"choose-about style2 hover-item item-active\"><div class=\"choose-about_icon\"><img decoding=\"async\" src=\"https:\/\/laststopgroup.net\/wp-content\/uploads\/2025\/11\/self-confidence.png\" alt=\"image\"><\/div><div class=\"media-body\"><h3 class=\"box-title\">Kraft und Gleichgewicht<\/h3><p class=\"choose-about_text desc\">Entwicklung einer starken Pers\u00f6nlichkeit und eines hohen Selbstvertrauens.<\/p><\/div><\/div><div class=\"choose-about style2 hover-item\"><div class=\"choose-about_icon\"><img decoding=\"async\" src=\"https:\/\/laststopgroup.net\/wp-content\/uploads\/2025\/11\/party-popper.png\" alt=\"image\"><\/div><div class=\"media-body\"><h3 class=\"box-title\">Kreativit\u00e4t und Vitalit\u00e4t<\/h3><p class=\"choose-about_text desc\">Unterhaltsame Shows, die positive Energie in den Menschen wecken.<\/p><\/div><\/div>\t\t\t\t<\/div>\n\t\t\t\t<\/div>\n\t\t\t\t<\/div>\n\t\t<div class=\"elementor-element elementor-element-b7628f1 e-con-full e-flex e-con e-child\" data-id=\"b7628f1\" data-element_type=\"container\">\n\t\t\t\t<div class=\"elementor-element elementor-element-76f5850 elementor-invisible elementor-widget elementor-widget-image\" data-id=\"76f5850\" data-element_type=\"widget\" data-settings=\"{&quot;_animation&quot;:&quot;zoomIn&quot;}\" data-widget_type=\"image.default\">\n\t\t\t\t<div class=\"elementor-widget-container\">\n\t\t\t\t\t\t\t\t\t\t\t\t\t\t\t<img loading=\"lazy\" decoding=\"async\" width=\"751\" height=\"476\" src=\"https:\/\/laststopgroup.net\/wp-content\/uploads\/2025\/11\/\u0643\u0645-\u0634\u0648\u0637-\u0641\u064a-\u0627\u0644\u0628\u0627\u062f\u0644-1024x649.webp\" class=\"attachment-large size-large wp-image-1421\" alt=\"\" srcset=\"https:\/\/laststopgroup.net\/wp-content\/uploads\/2025\/11\/\u0643\u0645-\u0634\u0648\u0637-\u0641\u064a-\u0627\u0644\u0628\u0627\u062f\u0644-1024x649.webp 1024w, https:\/\/laststopgroup.net\/wp-content\/uploads\/2025\/11\/\u0643\u0645-\u0634\u0648\u0637-\u0641\u064a-\u0627\u0644\u0628\u0627\u062f\u0644-300x190.webp 300w, https:\/\/laststopgroup.net\/wp-content\/uploads\/2025\/11\/\u0643\u0645-\u0634\u0648\u0637-\u0641\u064a-\u0627\u0644\u0628\u0627\u062f\u0644-768x487.webp 768w, https:\/\/laststopgroup.net\/wp-content\/uploads\/2025\/11\/\u0643\u0645-\u0634\u0648\u0637-\u0641\u064a-\u0627\u0644\u0628\u0627\u062f\u0644-1536x974.webp 1536w, https:\/\/laststopgroup.net\/wp-content\/uploads\/2025\/11\/\u0643\u0645-\u0634\u0648\u0637-\u0641\u064a-\u0627\u0644\u0628\u0627\u062f\u0644.webp 1798w\" sizes=\"(max-width: 751px) 100vw, 751px\" \/>\t\t\t\t\t\t\t\t\t\t\t\t\t\t\t<\/div>\n\t\t\t\t<\/div>\n\t\t\t\t<\/div>\n\t\t\t\t\t<\/div>\n\t\t\t\t<\/div>\n\t\t\t\t\t<\/div>\n\t\t\t\t<\/div>\n\t\t\t\t<\/div>","protected":false},"excerpt":{"rendered":"<p>\u0627\u0644\u062d\u0641\u0644\u0627\u062a \u0627\u0644\u063a\u0646\u0627\u0626\u064a\u0629 \u0641\u0639\u0627\u0644\u064a\u0627\u062a \u062a\u0646\u0628\u0636 \u0628\u0627\u0644\u0637\u0627\u0642\u0629 \u0648\u0627\u0644\u062d\u064a\u0627\u0629\u060c \u062a\u0645\u0632\u062c \u0628\u064a\u0646 \u0627\u0644\u0623\u062f\u0627\u0621 \u0627\u0644\u0639\u0627\u0637\u0641\u064a \u0644\u0644\u0641\u0646\u0627\u0646 \u0648\u062a\u0641\u0627\u0639\u0644 \u0627\u0644\u062c\u0645\u0647\u0648\u0631 \u0627\u0644\u062d\u064a\u060c \u0644\u062a\u0634\u0643\u0651\u0644 \u062a\u062c\u0631\u0628\u0629 \u0641\u0631\u064a\u062f\u0629 \u062a\u0646\u0633\u062c \u0630\u0643\u0631\u064a\u0627\u062a \u0644\u0627 \u062a\u064f\u0646\u0633\u0649 \u0648\u062a\u0648\u0637\u0651\u062f \u0627\u0644\u0639\u0644\u0627\u0642\u0627\u062a \u0628\u064a\u0646 \u0627\u0644\u0646\u0627\u0633 \u0641\u064a \u062c\u0648 \u0645\u0646 \u0627\u0644\u0628\u0647\u062c\u0629 \u0648\u0627\u0644\u062a\u0648\u0627\u0635\u0644. \u0623\u062f\u0627\u0621 \u062d\u064a \u0645\u062f\u0647\u0634 \u0627\u0633\u062a\u0645\u062a\u0639 \u0628\u0635\u0648\u062a \u0627\u0644\u0641\u0646\u0627\u0646\u064a\u0646 \u0641\u064a \u0623\u062c\u0648\u0627\u0621 \u0645\u0644\u064a\u0626\u0629 \u0628\u0627\u0644\u0634\u063a\u0641. \u0630\u0643\u0631\u064a\u0627\u062a \u0644\u0627 \u062a\u064f\u0646\u0633\u0649 \u0644\u062d\u0638\u0627\u062a \u062a\u0628\u0642\u0649 \u062e\u0627\u0644\u062f\u0629 \u0641\u064a \u0627\u0644\u0630\u0627\u0643\u0631\u0629. \u0627\u0644\u0639\u0631\u0648\u0636 \u0627\u0644\u0641\u0644\u0643\u0644\u0648\u0631\u064a\u0629 \u0646\u0627\u0641\u0630\u0629 \u0622\u0633\u0631\u0629 \u0639\u0644\u0649 \u062a\u0631\u0627\u062b \u0627\u0644\u0634\u0639\u0648\u0628&#8230;<\/p>","protected":false},"author":1,"featured_media":0,"parent":0,"menu_order":0,"comment_status":"closed","ping_status":"closed","template":"elementor_header_footer","meta":{"footnotes":""},"class_list":["post-380","page","type-page","status-publish","hentry","page--item"],"_links":{"self":[{"href":"https:\/\/laststopgroup.net\/de\/wp-json\/wp\/v2\/pages\/380","targetHints":{"allow":["GET"]}}],"collection":[{"href":"https:\/\/laststopgroup.net\/de\/wp-json\/wp\/v2\/pages"}],"about":[{"href":"https:\/\/laststopgroup.net\/de\/wp-json\/wp\/v2\/types\/page"}],"author":[{"embeddable":true,"href":"https:\/\/laststopgroup.net\/de\/wp-json\/wp\/v2\/users\/1"}],"replies":[{"embeddable":true,"href":"https:\/\/laststopgroup.net\/de\/wp-json\/wp\/v2\/comments?post=380"}],"version-history":[{"count":31,"href":"https:\/\/laststopgroup.net\/de\/wp-json\/wp\/v2\/pages\/380\/revisions"}],"predecessor-version":[{"id":1702,"href":"https:\/\/laststopgroup.net\/de\/wp-json\/wp\/v2\/pages\/380\/revisions\/1702"}],"wp:attachment":[{"href":"https:\/\/laststopgroup.net\/de\/wp-json\/wp\/v2\/media?parent=380"}],"curies":[{"name":"wp","href":"https:\/\/api.w.org\/{rel}","templated":true}]}}