
{"id":348,"date":"2025-11-06T07:47:45","date_gmt":"2025-11-06T07:47:45","guid":{"rendered":"https:\/\/darkslateblue-gull-215922.hostingersite.com\/?page_id=348"},"modified":"2025-12-02T12:01:39","modified_gmt":"2025-12-02T12:01:39","slug":"adventures","status":"publish","type":"page","link":"https:\/\/laststopgroup.net\/de\/adventures\/","title":{"rendered":"Abenteuer"},"content":{"rendered":"<div data-elementor-type=\"wp-page\" data-elementor-id=\"348\" class=\"elementor elementor-348\" data-elementor-post-type=\"page\">\n\t\t\t\t<div class=\"elementor-element elementor-element-5373e3d e-flex e-con-boxed e-con e-parent\" data-id=\"5373e3d\" data-element_type=\"container\" data-settings=\"{&quot;background_background&quot;:&quot;classic&quot;}\">\n\t\t\t\t\t<div class=\"e-con-inner\">\n\t\t\t\t<div class=\"elementor-element elementor-element-79ace5c elementor-widget elementor-widget-heading\" data-id=\"79ace5c\" data-element_type=\"widget\" data-widget_type=\"heading.default\">\n\t\t\t\t<div class=\"elementor-widget-container\">\n\t\t\t\t\t<h1 class=\"elementor-heading-title elementor-size-default\">Abenteuer<\/h1>\t\t\t\t<\/div>\n\t\t\t\t<\/div>\n\t\t\t\t\t<\/div>\n\t\t\t\t<\/div>\n\t\t<div class=\"elementor-element elementor-element-e8aa6cc e-flex e-con-boxed e-con e-parent\" data-id=\"e8aa6cc\" data-element_type=\"container\">\n\t\t\t\t\t<div class=\"e-con-inner\">\n\t\t\t\t<div class=\"elementor-element elementor-element-fbb8879 elementor-widget elementor-widget-heading\" data-id=\"fbb8879\" data-element_type=\"widget\" data-widget_type=\"heading.default\">\n\t\t\t\t<div class=\"elementor-widget-container\">\n\t\t\t\t\t<h2 class=\"elementor-heading-title elementor-size-default\">Wilde Abenteuer<\/h2>\t\t\t\t<\/div>\n\t\t\t\t<\/div>\n\t\t\t\t<div class=\"elementor-element elementor-element-34e52c7 elementor-widget__width-initial elementor-widget elementor-widget-text-editor\" data-id=\"34e52c7\" data-element_type=\"widget\" data-widget_type=\"text-editor.default\">\n\t\t\t\t<div class=\"elementor-widget-container\">\n\t\t\t\t\t\t\t\t\t<p>Bereit f\u00fcr einen Adrenalinrausch auf einer aufregenden und herausfordernden Reise ins Unbekannte? Diese Reise wird Ihrem Leben eine besondere Note verleihen und es mit Spannung und Entdeckungen bereichern. Sie f\u00fchrt uns \u00fcber das Vertraute hinaus und ermutigt uns, unser verborgenes Potenzial zu entdecken, den tieferen Sinn des Lebens zu ergr\u00fcnden und \u00c4ngste und Sorgen vor dem Unbekannten zu \u00fcberwinden \u2013 bis wir erkennen, dass wir das Unm\u00f6gliche erreichen k\u00f6nnen.<\/p>\t\t\t\t\t\t\t\t<\/div>\n\t\t\t\t<\/div>\n\t\t\t\t<div class=\"elementor-element elementor-element-3a87799 elementor-widget elementor-widget-tourmdestinations\" data-id=\"3a87799\" data-element_type=\"widget\" data-widget_type=\"tourmdestinations.default\">\n\t\t\t\t<div class=\"elementor-widget-container\">\n\t\t\t\t\t<div class=\"slider-area\"><div class=\"swiper th-slider has-shadow\" id=\"#serviceSlider2\" data-slider-options='{\"breakpoints\":{\"0\":{\"slidesPerView\":1},\"576\":{\"slidesPerView\":\"1\"},\"768\":{\"slidesPerView\":\"3\"},\"992\":{\"slidesPerView\":\"4\"},\"1200\":{\"slidesPerView\":\"5\"},\"1300\":{\"slidesPerView\":\"6\"}}}'><div class=\"swiper-wrapper\"><div class=\"swiper-slide\"><div class=\"category-card style5 single2\"><div class=\"box-img global-img\"><img decoding=\"async\" src=\"https:\/\/laststopgroup.net\/wp-content\/uploads\/2025\/11\/a-traditional-arab-family-tent-thumbnail-137796_imgupscaler.ai_Beta_2K-scaled.jpg\" alt=\"a traditional arab family tent thumbnail 137796_imgupscaler.ai_Beta_2K scaled\"  \/><\/div><h3 class=\"box-title title\"><a href=\"https:\/\/laststopgroup.net\/de\/trip\/%d8%a7%d9%84%d8%b1%d8%ad%d9%84%d8%a7%d8%aa-%d8%a7%d9%84%d8%a8%d8%b1%d9%8a%d8%a9\/\">Landreisen<\/a><\/h3><a class=\"line-btn\" href=\"https:\/\/laststopgroup.net\/de\/trip\/%d8%a7%d9%84%d8%b1%d8%ad%d9%84%d8%a7%d8%aa-%d8%a7%d9%84%d8%a8%d8%b1%d9%8a%d8%a9\/\"><\/a><\/div><\/div><div class=\"swiper-slide\"><div class=\"category-card style5 single2\"><div class=\"box-img global-img\"><img decoding=\"async\" src=\"https:\/\/laststopgroup.net\/wp-content\/uploads\/2025\/11\/k1uysxrof8vuycu39jq5.jpeg\" alt=\"k1uysxrof8vuycu39jq5\"  \/><\/div><h3 class=\"box-title title\"><a href=\"https:\/\/laststopgroup.net\/de\/trip\/%d8%b1%d8%ad%d9%84%d8%a7%d8%aa-%d8%a7%d9%84%d9%87%d8%a7%d9%8a%d9%83%d9%86%d8%ac\/\">Wandertouren<\/a><\/h3><a class=\"line-btn\" href=\"https:\/\/laststopgroup.net\/de\/trip\/%d8%b1%d8%ad%d9%84%d8%a7%d8%aa-%d8%a7%d9%84%d9%87%d8%a7%d9%8a%d9%83%d9%86%d8%ac\/\"><\/a><\/div><\/div><div class=\"swiper-slide\"><div class=\"category-card style5 single2\"><div class=\"box-img global-img\"><img decoding=\"async\" src=\"https:\/\/laststopgroup.net\/wp-content\/uploads\/2025\/11\/om2wl3pu0fu23ucrsu2q.jpeg\" alt=\"om2wl3pu0fu23ucrsu2q\"  \/><\/div><h3 class=\"box-title title\"><a href=\"https:\/\/laststopgroup.net\/de\/trip\/%d8%b1%d9%83%d9%88%d8%a8-%d8%a7%d9%84%d8%ac%d9%85%d8%a7%d9%84-%d9%81%d9%8a-%d8%a7%d9%84%d8%b5%d8%ad%d8%b1%d8%a7%d8%a1\/\">Kamelreiten in der W\u00fcste<\/a><\/h3><a class=\"line-btn\" href=\"https:\/\/laststopgroup.net\/de\/trip\/%d8%b1%d9%83%d9%88%d8%a8-%d8%a7%d9%84%d8%ac%d9%85%d8%a7%d9%84-%d9%81%d9%8a-%d8%a7%d9%84%d8%b5%d8%ad%d8%b1%d8%a7%d8%a1\/\"><\/a><\/div><\/div><div class=\"swiper-slide\"><div class=\"category-card style5 single2\"><div class=\"box-img global-img\"><img decoding=\"async\" src=\"https:\/\/laststopgroup.net\/wp-content\/uploads\/2025\/11\/z8gdbuczkn1omzg5pcqm.jpeg\" alt=\"z8gdbuczkn1omzg5pcqm\"  \/><\/div><h3 class=\"box-title title\"><a href=\"https:\/\/laststopgroup.net\/de\/trip\/%d9%85%d9%82%d9%84%d8%b9-%d8%b7%d9%85%d9%8a%d8%a9\/\">Steinbruch Tamia<\/a><\/h3><a class=\"line-btn\" href=\"https:\/\/laststopgroup.net\/de\/trip\/%d9%85%d9%82%d9%84%d8%b9-%d8%b7%d9%85%d9%8a%d8%a9\/\"><\/a><\/div><\/div><div class=\"swiper-slide\"><div class=\"category-card style5 single2\"><div class=\"box-img global-img\"><img decoding=\"async\" src=\"https:\/\/laststopgroup.net\/wp-content\/uploads\/2025\/11\/y1wknltfyzywunxn5ihy.jpeg\" alt=\"y1wknltfyzywunxn5ihy\"  \/><\/div><h3 class=\"box-title title\"><a href=\"https:\/\/laststopgroup.net\/de\/trip\/%d8%ac%d8%a8%d9%84-%d8%a7%d9%84%d8%b1%d8%a7%d8%b3-%d8%a7%d9%84%d8%a3%d8%a8%d9%8a%d8%b6\/\">White Head Berg<\/a><\/h3><a class=\"line-btn\" href=\"https:\/\/laststopgroup.net\/de\/trip\/%d8%ac%d8%a8%d9%84-%d8%a7%d9%84%d8%b1%d8%a7%d8%b3-%d8%a7%d9%84%d8%a3%d8%a8%d9%8a%d8%b6\/\"><\/a><\/div><\/div><\/div><\/div><\/div>\t\t\t\t<\/div>\n\t\t\t\t<\/div>\n\t\t\t\t\t<\/div>\n\t\t\t\t<\/div>\n\t\t<div class=\"elementor-element elementor-element-2b0e9ef e-flex e-con-boxed e-con e-parent\" data-id=\"2b0e9ef\" data-element_type=\"container\">\n\t\t\t\t\t<div class=\"e-con-inner\">\n\t\t\t\t<div class=\"elementor-element elementor-element-d54063d elementor-widget elementor-widget-heading\" data-id=\"d54063d\" data-element_type=\"widget\" data-widget_type=\"heading.default\">\n\t\t\t\t<div class=\"elementor-widget-container\">\n\t\t\t\t\t<h2 class=\"elementor-heading-title elementor-size-default\">Seeabenteuer<\/h2>\t\t\t\t<\/div>\n\t\t\t\t<\/div>\n\t\t\t\t<div class=\"elementor-element elementor-element-c304dc7 elementor-widget__width-initial elementor-widget elementor-widget-text-editor\" data-id=\"c304dc7\" data-element_type=\"widget\" data-widget_type=\"text-editor.default\">\n\t\t\t\t<div class=\"elementor-widget-container\">\n\t\t\t\t\t\t\t\t\tEine Gelegenheit zur vollkommenen Entspannung und zum Abschalten vom Alltag, w\u00e4hrend man die Korallenriffe und die Tiefen und Geheimnisse des Roten Meeres erkundet, im Rhythmus der Wellen schwimmt, Fische und Meereslebewesen beobachtet sowie vergn\u00fcgliche Wassersportarten und -spiele aus\u00fcbt.\t\t\t\t\t\t\t\t<\/div>\n\t\t\t\t<\/div>\n\t\t\t\t<div class=\"elementor-element elementor-element-b76c9f4 elementor-widget elementor-widget-tourmdestinations\" data-id=\"b76c9f4\" data-element_type=\"widget\" data-widget_type=\"tourmdestinations.default\">\n\t\t\t\t<div class=\"elementor-widget-container\">\n\t\t\t\t\t<div class=\"slider-area\"><div class=\"swiper th-slider has-shadow\" id=\"#serviceSlider2\" data-slider-options='{\"breakpoints\":{\"0\":{\"slidesPerView\":1},\"576\":{\"slidesPerView\":\"1\"},\"768\":{\"slidesPerView\":\"3\"},\"992\":{\"slidesPerView\":\"4\"},\"1200\":{\"slidesPerView\":\"5\"},\"1300\":{\"slidesPerView\":\"6\"}}}'><div class=\"swiper-wrapper\"><div class=\"swiper-slide\"><div class=\"category-card style5 single2\"><div class=\"box-img global-img\"><img decoding=\"async\" src=\"https:\/\/laststopgroup.net\/wp-content\/uploads\/2025\/11\/bepbd6ukyfyfzczjrdg5.png\" alt=\"bepbd6ukyfyfzczjrdg5\"  \/><\/div><h3 class=\"box-title title\"><a href=\"https:\/\/laststopgroup.net\/de\/trip\/%d8%b1%d8%ad%d9%84%d8%a7%d8%aa-%d8%a8%d9%8a%d8%a7%d8%b6%d8%a9\/\">Bayadah-Reisen<\/a><\/h3><a class=\"line-btn\" href=\"https:\/\/laststopgroup.net\/de\/trip\/%d8%b1%d8%ad%d9%84%d8%a7%d8%aa-%d8%a8%d9%8a%d8%a7%d8%b6%d8%a9\/\"><\/a><\/div><\/div><div class=\"swiper-slide\"><div class=\"category-card style5 single2\"><div class=\"box-img global-img\"><img decoding=\"async\" src=\"https:\/\/laststopgroup.net\/wp-content\/uploads\/2025\/11\/aeixqevnjqfzieojqmq1.jpeg\" alt=\"aeixqevnjqfzieojqmq1\"  \/><\/div><h3 class=\"box-title title\"><a href=\"https:\/\/laststopgroup.net\/de\/trip\/%d8%b1%d8%ad%d9%84%d8%a7%d8%aa-%d8%b3%d9%86%d9%88%d8%b1%d9%83%d9%84%d9%8a%d9%86%d8%ac\/\">Schnorchelausfl\u00fcge<\/a><\/h3><a class=\"line-btn\" href=\"https:\/\/laststopgroup.net\/de\/trip\/%d8%b1%d8%ad%d9%84%d8%a7%d8%aa-%d8%b3%d9%86%d9%88%d8%b1%d9%83%d9%84%d9%8a%d9%86%d8%ac\/\"><\/a><\/div><\/div><div class=\"swiper-slide\"><div class=\"category-card style5 single2\"><div class=\"box-img global-img\"><img decoding=\"async\" src=\"https:\/\/laststopgroup.net\/wp-content\/uploads\/2025\/11\/Diving-Excursion-Hurghada-1-e1669968504439.jpg\" alt=\"Diving Excursion Hurghada 1 e1669968504439\"  \/><\/div><h3 class=\"box-title title\"><a href=\"https:\/\/laststopgroup.net\/de\/trip\/%d8%b1%d8%ad%d9%84%d8%a7%d8%aa-%d8%a7%d9%84%d8%ba%d9%88%d8%b5\/\">Tauchausfl\u00fcge<\/a><\/h3><a class=\"line-btn\" href=\"https:\/\/laststopgroup.net\/de\/trip\/%d8%b1%d8%ad%d9%84%d8%a7%d8%aa-%d8%a7%d9%84%d8%ba%d9%88%d8%b5\/\"><\/a><\/div><\/div><div class=\"swiper-slide\"><div class=\"category-card style5 single2\"><div class=\"box-img global-img\"><img decoding=\"async\" src=\"https:\/\/laststopgroup.net\/wp-content\/uploads\/2025\/11\/v1dnijgmw8boizsjma5z.webp\" alt=\"v1dnijgmw8boizsjma5z\"  \/><\/div><h3 class=\"box-title title\"><a href=\"https:\/\/laststopgroup.net\/de\/trip\/%d8%b1%d8%ad%d9%84%d8%a7%d8%aa-%d8%a7%d9%84%d8%ad%d9%81%d9%84%d8%a7%d8%aa-%d8%a7%d9%84%d8%a8%d8%ad%d8%b1%d9%8a%d8%a9\/\">Partykreuzfahrten<\/a><\/h3><a class=\"line-btn\" href=\"https:\/\/laststopgroup.net\/de\/trip\/%d8%b1%d8%ad%d9%84%d8%a7%d8%aa-%d8%a7%d9%84%d8%ad%d9%81%d9%84%d8%a7%d8%aa-%d8%a7%d9%84%d8%a8%d8%ad%d8%b1%d9%8a%d8%a9\/\"><\/a><\/div><\/div><\/div><\/div><\/div>\t\t\t\t<\/div>\n\t\t\t\t<\/div>\n\t\t\t\t\t<\/div>\n\t\t\t\t<\/div>\n\t\t\t\t<\/div>","protected":false},"excerpt":{"rendered":"<p>\u0645\u063a\u0627\u0645\u0631\u0627\u062a \u0628\u0631\u064a\u0629 \u0645\u0633\u062a\u0639\u062f\u0648\u0646 \u0644\u0631\u0641\u0639 \u0647\u0631\u0645\u0648\u0646 \u0627\u0644\u0623\u062f\u0631\u064a\u0646\u0627\u0644\u064a\u0646 \u0641\u064a \u0631\u062d\u0644\u0629 \u0645\u062b\u064a\u0631\u0629 \u0648\u0645\u0644\u064a\u0626\u0629 \u0628\u0627\u0644\u062a\u062d\u062f\u064a\u0627\u062a \u0641\u064a \u0627\u0644\u0645\u062c\u0647\u0648\u0644\u060c \u062a\u0645\u0646\u062d \u0627\u0644\u062d\u064a\u0627\u0629 \u0646\u0643\u0647\u0629 \u062e\u0627\u0635\u0629 \u0648\u062a\u0636\u064a\u0641 \u0625\u0644\u064a\u0647\u0627 \u0639\u0646\u0635\u0631 \u0627\u0644\u0625\u062b\u0627\u0631\u0629 \u0648\u0627\u0644\u0627\u0643\u062a\u0634\u0627\u0641. \u062a\u062a\u062c\u0627\u0648\u0632 \u0647\u0630\u0647 \u0627\u0644\u0631\u062d\u0644\u0629 \u062d\u062f\u0648\u062f \u0627\u0644\u0645\u0623\u0644\u0648\u0641 \u0644\u062a\u062f\u0641\u0639\u0646\u0627 \u0644\u0627\u0633\u062a\u0643\u0634\u0627\u0641 \u0642\u062f\u0631\u0627\u062a\u0646\u0627 \u0627\u0644\u0643\u0627\u0645\u0646\u0629 \u0648\u0641\u0647\u0645 \u0645\u0639\u0646\u0649 \u0627\u0644\u062d\u064a\u0627\u0629 \u0627\u0644\u0623\u0639\u0645\u0642\u060c \u0648\u062a\u062e\u0637\u064a \u0627\u0644\u0645\u062e\u0627\u0648\u0641 \u0648\u0627\u0644\u062e\u0648\u0641 \u0645\u0646 \u0627\u0644\u0645\u062c\u0647\u0648\u0644\u060c \u062d\u062a\u0649 \u0646\u0643\u062a\u0634\u0641 \u0623\u0646\u0646\u0627 \u0642\u0627\u062f\u0631\u0648\u0646 \u0639\u0644\u0649 \u062a\u062d\u0642\u064a\u0642 \u0627\u0644\u0645\u0633\u062a\u062d\u064a\u0644. \u0627\u0644\u0631\u062d\u0644\u0627\u062a \u0627\u0644\u0628\u0631\u064a\u0629 \u0631\u062d\u0644\u0627\u062a \u0627\u0644\u0647\u0627\u064a\u0643\u0646\u062c \u0631\u0643\u0648\u0628 \u0627\u0644\u062c\u0645\u0627\u0644 \u0641\u064a \u0627\u0644\u0635\u062d\u0631\u0627\u0621&#8230;<\/p>","protected":false},"author":1,"featured_media":0,"parent":0,"menu_order":0,"comment_status":"closed","ping_status":"closed","template":"elementor_header_footer","meta":{"footnotes":""},"class_list":["post-348","page","type-page","status-publish","hentry","page--item"],"_links":{"self":[{"href":"https:\/\/laststopgroup.net\/de\/wp-json\/wp\/v2\/pages\/348","targetHints":{"allow":["GET"]}}],"collection":[{"href":"https:\/\/laststopgroup.net\/de\/wp-json\/wp\/v2\/pages"}],"about":[{"href":"https:\/\/laststopgroup.net\/de\/wp-json\/wp\/v2\/types\/page"}],"author":[{"embeddable":true,"href":"https:\/\/laststopgroup.net\/de\/wp-json\/wp\/v2\/users\/1"}],"replies":[{"embeddable":true,"href":"https:\/\/laststopgroup.net\/de\/wp-json\/wp\/v2\/comments?post=348"}],"version-history":[{"count":61,"href":"https:\/\/laststopgroup.net\/de\/wp-json\/wp\/v2\/pages\/348\/revisions"}],"predecessor-version":[{"id":1679,"href":"https:\/\/laststopgroup.net\/de\/wp-json\/wp\/v2\/pages\/348\/revisions\/1679"}],"wp:attachment":[{"href":"https:\/\/laststopgroup.net\/de\/wp-json\/wp\/v2\/media?parent=348"}],"curies":[{"name":"wp","href":"https:\/\/api.w.org\/{rel}","templated":true}]}}