
{"id":189,"date":"2025-11-05T14:40:42","date_gmt":"2025-11-05T14:40:42","guid":{"rendered":"https:\/\/darkslateblue-gull-215922.hostingersite.com\/?page_id=189"},"modified":"2025-12-02T12:03:15","modified_gmt":"2025-12-02T12:03:15","slug":"destinations","status":"publish","type":"page","link":"https:\/\/laststopgroup.net\/de\/destinations\/","title":{"rendered":"Reiseziele"},"content":{"rendered":"<div data-elementor-type=\"wp-page\" data-elementor-id=\"189\" class=\"elementor elementor-189\" data-elementor-post-type=\"page\">\n\t\t\t\t<div class=\"elementor-element elementor-element-5373e3d e-con-full e-flex e-con e-parent\" data-id=\"5373e3d\" data-element_type=\"container\" data-settings=\"{&quot;background_background&quot;:&quot;classic&quot;}\">\n\t\t\t\t<div class=\"elementor-element elementor-element-79ace5c elementor-widget elementor-widget-heading\" data-id=\"79ace5c\" data-element_type=\"widget\" data-widget_type=\"heading.default\">\n\t\t\t\t<div class=\"elementor-widget-container\">\n\t\t\t\t\t<h1 class=\"elementor-heading-title elementor-size-default\">Reiseziele<\/h1>\t\t\t\t<\/div>\n\t\t\t\t<\/div>\n\t\t\t\t<\/div>\n\t\t<div class=\"elementor-element elementor-element-e8aa6cc e-flex e-con-boxed e-con e-parent\" data-id=\"e8aa6cc\" data-element_type=\"container\">\n\t\t\t\t\t<div class=\"e-con-inner\">\n\t\t\t\t<div class=\"elementor-element elementor-element-fbb8879 elementor-invisible elementor-widget elementor-widget-heading\" data-id=\"fbb8879\" data-element_type=\"widget\" data-settings=\"{&quot;_animation&quot;:&quot;fadeInUp&quot;}\" data-widget_type=\"heading.default\">\n\t\t\t\t<div class=\"elementor-widget-container\">\n\t\t\t\t\t<h2 class=\"elementor-heading-title elementor-size-default\">Reisen nach Saudi-Arabien<\/h2>\t\t\t\t<\/div>\n\t\t\t\t<\/div>\n\t\t\t\t<div class=\"elementor-element elementor-element-34e52c7 elementor-widget__width-initial elementor-invisible elementor-widget elementor-widget-text-editor\" data-id=\"34e52c7\" data-element_type=\"widget\" data-settings=\"{&quot;_animation&quot;:&quot;fadeInUp&quot;}\" data-widget_type=\"text-editor.default\">\n\t\t\t\t<div class=\"elementor-widget-container\">\n\t\t\t\t\t\t\t\t\tEin umfassendes Reiseziel, das unvergleichliche Erlebnisse bietet: von der Erkundung der riesigen Sandd\u00fcnen des Rub al-Chali \u00fcber das Tauchen in den Korallenriffen des Roten Meeres bis hin zum Bummeln durch historische St\u00e4dte und dem Genie\u00dfen der Sch\u00f6nheit seiner hoch aufragenden Berge.\t\t\t\t\t\t\t\t<\/div>\n\t\t\t\t<\/div>\n\t\t\t\t<div class=\"elementor-element elementor-element-3a87799 elementor-widget elementor-widget-tourmdestinations\" data-id=\"3a87799\" data-element_type=\"widget\" data-widget_type=\"tourmdestinations.default\">\n\t\t\t\t<div class=\"elementor-widget-container\">\n\t\t\t\t\t<div class=\"slider-area\"><div class=\"swiper th-slider has-shadow\" data-slider-options='{\"breakpoints\":{\"0\":{\"slidesPerView\":1},\"576\":{\"slidesPerView\":\"1\"},\"768\":{\"slidesPerView\":\"2\"},\"992\":{\"slidesPerView\":\"2\"},\"1200\":{\"slidesPerView\":\"3\"},\"1300\":{\"slidesPerView\":\"4\"}}}'><div class=\"swiper-wrapper\"><div class=\"swiper-slide\"><div class=\"destination-item4 style3 th-ani\"><div class=\"destination-item4_img global-img\" data-mask-src=\"https:\/\/laststopgroup.net\/wp-content\/plugins\/tourm-core\/assets\/img\/shape.png\"><img decoding=\"async\" src=\"https:\/\/laststopgroup.net\/wp-content\/uploads\/2025\/11\/1720472499_161_508034_7971ec42253e477bb2fff0c9704bd7f1.jpeg\" alt=\"1720472499_161_508034_7971ec42253e477bb2fff0c9704bd7f1\"  \/><\/div><div class=\"destination-content\"><h3 class=\"box-title\"><a href=\"https:\/\/laststopgroup.net\/de\/destinations\/%d8%a7%d9%84%d8%b1%d9%8a%d8%a7%d8%b6\/\"><img decoding=\"async\" src=\"https:\/\/laststopgroup.net\/wp-content\/plugins\/tourm-core\/assets\/img\/location-dot4.svg\" alt=\"\">Riad<\/a><\/h3><\/div><a href=\"https:\/\/laststopgroup.net\/de\/destinations\/%d8%a7%d9%84%d8%b1%d9%8a%d8%a7%d8%b6\/\" class=\"icon-btn\"><img decoding=\"async\" src=\"https:\/\/laststopgroup.net\/wp-content\/plugins\/tourm-core\/assets\/img\/icon\/left-arrow4.svg\" alt=\"\"><\/a><\/div><\/div><div class=\"swiper-slide\"><div class=\"destination-item4 style3 th-ani\"><div class=\"destination-item4_img global-img\" data-mask-src=\"https:\/\/laststopgroup.net\/wp-content\/plugins\/tourm-core\/assets\/img\/shape.png\"><img decoding=\"async\" src=\"https:\/\/laststopgroup.net\/wp-content\/uploads\/2025\/11\/65486.jpg\" alt=\"65486\"  \/><\/div><div class=\"destination-content\"><h3 class=\"box-title\"><a href=\"https:\/\/laststopgroup.net\/de\/destinations\/%d8%ac%d8%af%d8%a9\/\"><img decoding=\"async\" src=\"https:\/\/laststopgroup.net\/wp-content\/plugins\/tourm-core\/assets\/img\/location-dot4.svg\" alt=\"\">Gro\u00dfmutter<\/a><\/h3><\/div><a href=\"https:\/\/laststopgroup.net\/de\/destinations\/%d8%ac%d8%af%d8%a9\/\" class=\"icon-btn\"><img decoding=\"async\" src=\"https:\/\/laststopgroup.net\/wp-content\/plugins\/tourm-core\/assets\/img\/icon\/left-arrow4.svg\" alt=\"\"><\/a><\/div><\/div><div class=\"swiper-slide\"><div class=\"destination-item4 style3 th-ani\"><div class=\"destination-item4_img global-img\" data-mask-src=\"https:\/\/laststopgroup.net\/wp-content\/plugins\/tourm-core\/assets\/img\/shape.png\"><img decoding=\"async\" src=\"https:\/\/laststopgroup.net\/wp-content\/uploads\/2025\/11\/\u0645\u062f\u064a\u0646\u0629-\u0627\u0644\u0639\u0644\u0627.webp\" alt=\"\u0645\u062f\u064a\u0646\u0629 \u0627\u0644\u0639\u0644\u0627\"  \/><\/div><div class=\"destination-content\"><h3 class=\"box-title\"><a href=\"https:\/\/laststopgroup.net\/de\/destinations\/%d8%a7%d9%84%d8%b9%d9%84%d8%a7\/\"><img decoding=\"async\" src=\"https:\/\/laststopgroup.net\/wp-content\/plugins\/tourm-core\/assets\/img\/location-dot4.svg\" alt=\"\">Al-Ula<\/a><\/h3><\/div><a href=\"https:\/\/laststopgroup.net\/de\/destinations\/%d8%a7%d9%84%d8%b9%d9%84%d8%a7\/\" class=\"icon-btn\"><img decoding=\"async\" src=\"https:\/\/laststopgroup.net\/wp-content\/plugins\/tourm-core\/assets\/img\/icon\/left-arrow4.svg\" alt=\"\"><\/a><\/div><\/div><div class=\"swiper-slide\"><div class=\"destination-item4 style3 th-ani\"><div class=\"destination-item4_img global-img\" data-mask-src=\"https:\/\/laststopgroup.net\/wp-content\/plugins\/tourm-core\/assets\/img\/shape.png\"><img decoding=\"async\" src=\"https:\/\/laststopgroup.net\/wp-content\/uploads\/2025\/11\/Zabalcastle1-scaled.jpg\" alt=\"Zabalcastle1 scaled\"  \/><\/div><div class=\"destination-content\"><h3 class=\"box-title\"><a href=\"https:\/\/laststopgroup.net\/de\/destinations\/%d8%a7%d9%84%d8%ac%d9%88%d9%81\/\"><img decoding=\"async\" src=\"https:\/\/laststopgroup.net\/wp-content\/plugins\/tourm-core\/assets\/img\/location-dot4.svg\" alt=\"\">Al-Jawf<\/a><\/h3><\/div><a href=\"https:\/\/laststopgroup.net\/de\/destinations\/%d8%a7%d9%84%d8%ac%d9%88%d9%81\/\" class=\"icon-btn\"><img decoding=\"async\" src=\"https:\/\/laststopgroup.net\/wp-content\/plugins\/tourm-core\/assets\/img\/icon\/left-arrow4.svg\" alt=\"\"><\/a><\/div><\/div><div class=\"swiper-slide\"><div class=\"destination-item4 style3 th-ani\"><div class=\"destination-item4_img global-img\" data-mask-src=\"https:\/\/laststopgroup.net\/wp-content\/plugins\/tourm-core\/assets\/img\/shape.png\"><img decoding=\"async\" src=\"https:\/\/laststopgroup.net\/wp-content\/uploads\/2025\/11\/173057.jpg\" alt=\"173057\"  \/><\/div><div class=\"destination-content\"><h3 class=\"box-title\"><a href=\"https:\/\/laststopgroup.net\/de\/destinations\/%d9%85%d8%b4%d8%b1%d9%88%d8%b9-%d8%a7%d9%84%d8%a8%d8%ad%d8%b1-%d8%a7%d9%84%d8%a7%d8%ad%d9%85%d8%b1\/\"><img decoding=\"async\" src=\"https:\/\/laststopgroup.net\/wp-content\/plugins\/tourm-core\/assets\/img\/location-dot4.svg\" alt=\"\">Rotes Meer Projekt<\/a><\/h3><\/div><a href=\"https:\/\/laststopgroup.net\/de\/destinations\/%d9%85%d8%b4%d8%b1%d9%88%d8%b9-%d8%a7%d9%84%d8%a8%d8%ad%d8%b1-%d8%a7%d9%84%d8%a7%d8%ad%d9%85%d8%b1\/\" class=\"icon-btn\"><img decoding=\"async\" src=\"https:\/\/laststopgroup.net\/wp-content\/plugins\/tourm-core\/assets\/img\/icon\/left-arrow4.svg\" alt=\"\"><\/a><\/div><\/div><\/div><\/div><\/div>\t\t\t\t<\/div>\n\t\t\t\t<\/div>\n\t\t\t\t\t<\/div>\n\t\t\t\t<\/div>\n\t\t<div class=\"elementor-element elementor-element-804a4ed e-flex e-con-boxed e-con e-parent\" data-id=\"804a4ed\" data-element_type=\"container\">\n\t\t\t\t\t<div class=\"e-con-inner\">\n\t\t\t\t<div class=\"elementor-element elementor-element-318f438 elementor-invisible elementor-widget elementor-widget-heading\" data-id=\"318f438\" data-element_type=\"widget\" data-settings=\"{&quot;_animation&quot;:&quot;fadeInUp&quot;}\" data-widget_type=\"heading.default\">\n\t\t\t\t<div class=\"elementor-widget-container\">\n\t\t\t\t\t<h2 class=\"elementor-heading-title elementor-size-default\">Internationale Fl\u00fcge<\/h2>\t\t\t\t<\/div>\n\t\t\t\t<\/div>\n\t\t\t\t<div class=\"elementor-element elementor-element-a60fa0e elementor-widget elementor-widget-tourmdestinations\" data-id=\"a60fa0e\" data-element_type=\"widget\" data-widget_type=\"tourmdestinations.default\">\n\t\t\t\t<div class=\"elementor-widget-container\">\n\t\t\t\t\t<div class=\"slider-area\"><div class=\"swiper th-slider has-shadow\" data-slider-options='{\"breakpoints\":{\"0\":{\"slidesPerView\":1},\"576\":{\"slidesPerView\":\"1\"},\"768\":{\"slidesPerView\":\"2\"},\"992\":{\"slidesPerView\":\"2\"},\"1200\":{\"slidesPerView\":\"3\"},\"1300\":{\"slidesPerView\":\"4\"}}}'><div class=\"swiper-wrapper\"><div class=\"swiper-slide\"><div class=\"destination-item4 style3 th-ani\"><div class=\"destination-item4_img global-img\" data-mask-src=\"https:\/\/laststopgroup.net\/wp-content\/plugins\/tourm-core\/assets\/img\/shape.png\"><img decoding=\"async\" src=\"https:\/\/laststopgroup.net\/wp-content\/uploads\/2025\/11\/Cairo_Form_Top-scaled.jpeg\" alt=\"Cairo_Form_Top scaled\"  \/><\/div><div class=\"destination-content\"><h3 class=\"box-title\"><a href=\"https:\/\/laststopgroup.net\/de\/destinations\/%d8%a7%d9%84%d9%82%d8%a7%d9%87%d8%b1%d8%a9\/\"><img decoding=\"async\" src=\"https:\/\/laststopgroup.net\/wp-content\/plugins\/tourm-core\/assets\/img\/location-dot4.svg\" alt=\"\">Kairo<\/a><\/h3><\/div><a href=\"https:\/\/laststopgroup.net\/de\/destinations\/%d8%a7%d9%84%d9%82%d8%a7%d9%87%d8%b1%d8%a9\/\" class=\"icon-btn\"><img decoding=\"async\" src=\"https:\/\/laststopgroup.net\/wp-content\/plugins\/tourm-core\/assets\/img\/icon\/left-arrow4.svg\" alt=\"\"><\/a><\/div><\/div><div class=\"swiper-slide\"><div class=\"destination-item4 style3 th-ani\"><div class=\"destination-item4_img global-img\" data-mask-src=\"https:\/\/laststopgroup.net\/wp-content\/plugins\/tourm-core\/assets\/img\/shape.png\"><img decoding=\"async\" src=\"https:\/\/laststopgroup.net\/wp-content\/uploads\/2025\/11\/\u0627\u0641\u0636\u0644-\u0627\u0644\u0627\u0645\u0627\u0643\u0646-\u0627\u0644\u0633\u064a\u0627\u062d\u064a\u0629-\u0641\u064a-\u0634\u0631\u0645-\u0627\u0644\u0634\u064a\u062e.jpg\" alt=\"\u0627\u0641\u0636\u0644 \u0627\u0644\u0627\u0645\u0627\u0643\u0646 \u0627\u0644\u0633\u064a\u0627\u062d\u064a\u0629 \u0641\u064a \u0634\u0631\u0645 \u0627\u0644\u0634\u064a\u062e\"  \/><\/div><div class=\"destination-content\"><h3 class=\"box-title\"><a href=\"https:\/\/laststopgroup.net\/de\/destinations\/%d8%b4%d8%b1%d9%85-%d8%a7%d9%84%d8%b4%d9%8a%d8%ae\/\"><img decoding=\"async\" src=\"https:\/\/laststopgroup.net\/wp-content\/plugins\/tourm-core\/assets\/img\/location-dot4.svg\" alt=\"\">Sharm El Sheikh<\/a><\/h3><\/div><a href=\"https:\/\/laststopgroup.net\/de\/destinations\/%d8%b4%d8%b1%d9%85-%d8%a7%d9%84%d8%b4%d9%8a%d8%ae\/\" class=\"icon-btn\"><img decoding=\"async\" src=\"https:\/\/laststopgroup.net\/wp-content\/plugins\/tourm-core\/assets\/img\/icon\/left-arrow4.svg\" alt=\"\"><\/a><\/div><\/div><div class=\"swiper-slide\"><div class=\"destination-item4 style3 th-ani\"><div class=\"destination-item4_img global-img\" data-mask-src=\"https:\/\/laststopgroup.net\/wp-content\/plugins\/tourm-core\/assets\/img\/shape.png\"><img decoding=\"async\" src=\"https:\/\/laststopgroup.net\/wp-content\/uploads\/2025\/11\/long-boat-blue-water-maya-bay-phi-phi-island.jpg\" alt=\"long boat blue water maya bay phi phi island\"  \/><\/div><div class=\"destination-content\"><h3 class=\"box-title\"><a href=\"https:\/\/laststopgroup.net\/de\/destinations\/%d8%aa%d8%a7%d9%8a%d9%84%d9%86%d8%af\/\"><img decoding=\"async\" src=\"https:\/\/laststopgroup.net\/wp-content\/plugins\/tourm-core\/assets\/img\/location-dot4.svg\" alt=\"\">Thailand<\/a><\/h3><\/div><a href=\"https:\/\/laststopgroup.net\/de\/destinations\/%d8%aa%d8%a7%d9%8a%d9%84%d9%86%d8%af\/\" class=\"icon-btn\"><img decoding=\"async\" src=\"https:\/\/laststopgroup.net\/wp-content\/plugins\/tourm-core\/assets\/img\/icon\/left-arrow4.svg\" alt=\"\"><\/a><\/div><\/div><div class=\"swiper-slide\"><div class=\"destination-item4 style3 th-ani\"><div class=\"destination-item4_img global-img\" data-mask-src=\"https:\/\/laststopgroup.net\/wp-content\/plugins\/tourm-core\/assets\/img\/shape.png\"><img decoding=\"async\" src=\"https:\/\/laststopgroup.net\/wp-content\/uploads\/2025\/11\/bali_gates-1.webp\" alt=\"bali_gates 1\"  \/><\/div><div class=\"destination-content\"><h3 class=\"box-title\"><a href=\"https:\/\/laststopgroup.net\/de\/destinations\/%d8%a8%d8%a7%d9%84%d9%8a\/\"><img decoding=\"async\" src=\"https:\/\/laststopgroup.net\/wp-content\/plugins\/tourm-core\/assets\/img\/location-dot4.svg\" alt=\"\">Bali<\/a><\/h3><\/div><a href=\"https:\/\/laststopgroup.net\/de\/destinations\/%d8%a8%d8%a7%d9%84%d9%8a\/\" class=\"icon-btn\"><img decoding=\"async\" src=\"https:\/\/laststopgroup.net\/wp-content\/plugins\/tourm-core\/assets\/img\/icon\/left-arrow4.svg\" alt=\"\"><\/a><\/div><\/div><div class=\"swiper-slide\"><div class=\"destination-item4 style3 th-ani\"><div class=\"destination-item4_img global-img\" data-mask-src=\"https:\/\/laststopgroup.net\/wp-content\/plugins\/tourm-core\/assets\/img\/shape.png\"><img decoding=\"async\" src=\"https:\/\/laststopgroup.net\/wp-content\/uploads\/2025\/11\/\u0639\u0631\u0648\u0636-\u0633\u064a\u0627\u062d\u064a\u0629-\u0627\u0633\u0628\u0627\u0646\u064a\u0627.jpg\" alt=\"\u0639\u0631\u0648\u0636 \u0633\u064a\u0627\u062d\u064a\u0629 \u0627\u0633\u0628\u0627\u0646\u064a\u0627\"  \/><\/div><div class=\"destination-content\"><h3 class=\"box-title\"><a href=\"https:\/\/laststopgroup.net\/de\/destinations\/%d8%a7%d8%b3%d8%a8%d8%a7%d9%86%d9%8a%d8%a7\/\"><img decoding=\"async\" src=\"https:\/\/laststopgroup.net\/wp-content\/plugins\/tourm-core\/assets\/img\/location-dot4.svg\" alt=\"\">Spanien<\/a><\/h3><\/div><a href=\"https:\/\/laststopgroup.net\/de\/destinations\/%d8%a7%d8%b3%d8%a8%d8%a7%d9%86%d9%8a%d8%a7\/\" class=\"icon-btn\"><img decoding=\"async\" src=\"https:\/\/laststopgroup.net\/wp-content\/plugins\/tourm-core\/assets\/img\/icon\/left-arrow4.svg\" alt=\"\"><\/a><\/div><\/div><\/div><\/div><\/div>\t\t\t\t<\/div>\n\t\t\t\t<\/div>\n\t\t\t\t\t<\/div>\n\t\t\t\t<\/div>\n\t\t\t\t<\/div>","protected":false},"excerpt":{"rendered":"<p>\u0631\u062d\u0644\u0627\u062a \u0627\u0644\u0645\u0645\u0644\u0643\u0629 \u0627\u0644\u0639\u0631\u0628\u064a\u0629 \u0627\u0644\u0633\u0639\u0648\u062f\u064a\u0629 \u062c\u0647\u0629 \u0633\u064a\u0627\u062d\u064a\u0629 \u0645\u062a\u0643\u0627\u0645\u0644\u0629 \u062a\u0642\u062f\u0651\u0645 \u062a\u062c\u0627\u0631\u0628 \u0644\u0627 \u0645\u062b\u064a\u0644 \u0644\u0647\u0627\u061b \u0645\u0646 \u0627\u0633\u062a\u0643\u0634\u0627\u0641 \u0627\u0644\u0643\u062b\u0628\u0627\u0646 \u0627\u0644\u0631\u0645\u0644\u064a\u0629 \u0627\u0644\u0634\u0627\u0633\u0639\u0629 \u0641\u064a \u0627\u0644\u0631\u0628\u0639 \u0627\u0644\u062e\u0627\u0644\u064a\u060c \u0625\u0644\u0649 \u0627\u0644\u063a\u0648\u0635 \u0628\u064a\u0646 \u0627\u0644\u0634\u0639\u0627\u0628 \u0627\u0644\u0645\u0631\u062c\u0627\u0646\u064a\u0629 \u0641\u064a \u0627\u0644\u0628\u062d\u0631 \u0627\u0644\u0623\u062d\u0645\u0631\u060c \u0645\u0631\u0648\u0631\u064b\u0627 \u0628\u0627\u0644\u062a\u062c\u0648\u0651\u0644 \u0641\u064a \u0627\u0644\u0645\u062f\u0646 \u0627\u0644\u062a\u0627\u0631\u064a\u062e\u064a\u0629\u060c \u0648\u0627\u0644\u0627\u0633\u062a\u0645\u062a\u0627\u0639 \u0628\u062c\u0645\u0627\u0644 \u062c\u0628\u0627\u0644\u0647\u0627 \u0627\u0644\u0634\u0627\u0645\u062e\u0629. \u0627\u0644\u0631\u064a\u0627\u0636 \u062c\u062f\u0629 \u0627\u0644\u0639\u0644\u0627 \u0627\u0644\u062c\u0648\u0641 \u0645\u0634\u0631\u0648\u0639 \u0627\u0644\u0628\u062d\u0631 \u0627\u0644\u0627\u062d\u0645\u0631 \u0627\u0644\u0631\u062d\u0644\u0627\u062a \u0627\u0644\u062f\u0648\u0644\u064a\u0629 \u0627\u0644\u0642\u0627\u0647\u0631\u0629 \u0634\u0631\u0645 \u0627\u0644\u0634\u064a\u062e \u062a\u0627\u064a\u0644\u0646\u062f \u0628\u0627\u0644\u064a \u0627\u0633\u0628\u0627\u0646\u064a\u0627<\/p>","protected":false},"author":1,"featured_media":0,"parent":0,"menu_order":0,"comment_status":"closed","ping_status":"closed","template":"elementor_header_footer","meta":{"footnotes":""},"class_list":["post-189","page","type-page","status-publish","hentry","page--item"],"_links":{"self":[{"href":"https:\/\/laststopgroup.net\/de\/wp-json\/wp\/v2\/pages\/189","targetHints":{"allow":["GET"]}}],"collection":[{"href":"https:\/\/laststopgroup.net\/de\/wp-json\/wp\/v2\/pages"}],"about":[{"href":"https:\/\/laststopgroup.net\/de\/wp-json\/wp\/v2\/types\/page"}],"author":[{"embeddable":true,"href":"https:\/\/laststopgroup.net\/de\/wp-json\/wp\/v2\/users\/1"}],"replies":[{"embeddable":true,"href":"https:\/\/laststopgroup.net\/de\/wp-json\/wp\/v2\/comments?post=189"}],"version-history":[{"count":62,"href":"https:\/\/laststopgroup.net\/de\/wp-json\/wp\/v2\/pages\/189\/revisions"}],"predecessor-version":[{"id":1682,"href":"https:\/\/laststopgroup.net\/de\/wp-json\/wp\/v2\/pages\/189\/revisions\/1682"}],"wp:attachment":[{"href":"https:\/\/laststopgroup.net\/de\/wp-json\/wp\/v2\/media?parent=189"}],"curies":[{"name":"wp","href":"https:\/\/api.w.org\/{rel}","templated":true}]}}