
{"id":1218,"date":"2025-11-10T20:09:06","date_gmt":"2025-11-10T20:09:06","guid":{"rendered":"https:\/\/laststopgroup.net\/?page_id=1218"},"modified":"2025-12-02T12:40:35","modified_gmt":"2025-12-02T12:40:35","slug":"valet","status":"publish","type":"page","link":"https:\/\/laststopgroup.net\/de\/valet\/","title":{"rendered":"Valet-Service"},"content":{"rendered":"<div data-elementor-type=\"wp-page\" data-elementor-id=\"1218\" class=\"elementor elementor-1218\" data-elementor-post-type=\"page\">\n\t\t\t\t<div class=\"elementor-element elementor-element-5373e3d e-con-full e-flex e-con e-parent\" data-id=\"5373e3d\" data-element_type=\"container\" data-settings=\"{&quot;background_background&quot;:&quot;classic&quot;}\">\n\t\t\t\t<div class=\"elementor-element elementor-element-79ace5c elementor-widget elementor-widget-heading\" data-id=\"79ace5c\" data-element_type=\"widget\" data-widget_type=\"heading.default\">\n\t\t\t\t<div class=\"elementor-widget-container\">\n\t\t\t\t\t<h1 class=\"elementor-heading-title elementor-size-default\">Valet-Service<\/h1>\t\t\t\t<\/div>\n\t\t\t\t<\/div>\n\t\t\t\t<\/div>\n\t\t<div class=\"elementor-element elementor-element-a5ee15c e-flex e-con-boxed e-con e-parent\" data-id=\"a5ee15c\" data-element_type=\"container\" id=\"valet\">\n\t\t\t\t\t<div class=\"e-con-inner\">\n\t\t<div class=\"elementor-element elementor-element-7028705 e-flex e-con-boxed e-con e-child\" data-id=\"7028705\" data-element_type=\"container\">\n\t\t\t\t\t<div class=\"e-con-inner\">\n\t\t<div class=\"elementor-element elementor-element-4dbc2ae e-con-full e-flex e-con e-child\" data-id=\"4dbc2ae\" data-element_type=\"container\">\n\t\t\t\t<div class=\"elementor-element elementor-element-9d08261 elementor-invisible elementor-widget elementor-widget-image\" data-id=\"9d08261\" data-element_type=\"widget\" data-settings=\"{&quot;_animation&quot;:&quot;zoomIn&quot;}\" data-widget_type=\"image.default\">\n\t\t\t\t<div class=\"elementor-widget-container\">\n\t\t\t\t\t\t\t\t\t\t\t\t\t\t\t<img fetchpriority=\"high\" decoding=\"async\" width=\"751\" height=\"499\" src=\"https:\/\/laststopgroup.net\/wp-content\/uploads\/2025\/11\/2149946644.jpg\" class=\"attachment-large size-large wp-image-619\" alt=\"\" srcset=\"https:\/\/laststopgroup.net\/wp-content\/uploads\/2025\/11\/2149946644.jpg 1000w, https:\/\/laststopgroup.net\/wp-content\/uploads\/2025\/11\/2149946644-300x200.jpg 300w, https:\/\/laststopgroup.net\/wp-content\/uploads\/2025\/11\/2149946644-768x511.jpg 768w, https:\/\/laststopgroup.net\/wp-content\/uploads\/2025\/11\/2149946644-600x399.jpg 600w\" sizes=\"(max-width: 751px) 100vw, 751px\" \/>\t\t\t\t\t\t\t\t\t\t\t\t\t\t\t<\/div>\n\t\t\t\t<\/div>\n\t\t\t\t<\/div>\n\t\t<div class=\"elementor-element elementor-element-3defc5d e-con-full e-flex e-con e-child\" data-id=\"3defc5d\" data-element_type=\"container\">\n\t\t\t\t<div class=\"elementor-element elementor-element-743bb47 elementor-invisible elementor-widget elementor-widget-heading\" data-id=\"743bb47\" data-element_type=\"widget\" data-settings=\"{&quot;_animation&quot;:&quot;fadeInUp&quot;}\" data-widget_type=\"heading.default\">\n\t\t\t\t<div class=\"elementor-widget-container\">\n\t\t\t\t\t<h2 class=\"elementor-heading-title elementor-size-default\">VALET-SERVICE: Luxus beginnt mit Ihrer Ankunft<\/h2>\t\t\t\t<\/div>\n\t\t\t\t<\/div>\n\t\t\t\t<div class=\"elementor-element elementor-element-e355db5 elementor-widget__width-initial elementor-invisible elementor-widget elementor-widget-text-editor\" data-id=\"e355db5\" data-element_type=\"widget\" data-settings=\"{&quot;_animation&quot;:&quot;fadeInUp&quot;}\" data-widget_type=\"text-editor.default\">\n\t\t\t\t<div class=\"elementor-widget-container\">\n\t\t\t\t\t\t\t\t\tEin anspruchsvolles, modernes und luxuri\u00f6ses Erlebnis, bei dem Ihr Komfort an erster Stelle steht; ein professioneller Experte nimmt Ihr Auto entgegen und parkt es an einem sicheren Ort, sodass Sie ein au\u00dfergew\u00f6hnliches Luxuserlebnis genie\u00dfen k\u00f6nnen, ohne sich um die Parkplatzsuche k\u00fcmmern zu m\u00fcssen. Dies verbessert das Kundenerlebnis und sorgt f\u00fcr eine effiziente Parkplatzverwaltung.\t\t\t\t\t\t\t\t<\/div>\n\t\t\t\t<\/div>\n\t\t\t\t<div class=\"elementor-element elementor-element-dbc75c9 elementor-invisible elementor-widget elementor-widget-tourmfeatures\" data-id=\"dbc75c9\" data-element_type=\"widget\" data-settings=\"{&quot;_animation&quot;:&quot;fadeIn&quot;}\" data-widget_type=\"tourmfeatures.default\">\n\t\t\t\t<div class=\"elementor-widget-container\">\n\t\t\t\t\t<div class=\"choose-about style2 hover-item item-active\"><div class=\"choose-about_icon\"><img decoding=\"async\" src=\"https:\/\/laststopgroup.net\/wp-content\/uploads\/2025\/11\/placeholder-32.png\" alt=\"image\"><\/div><div class=\"media-body\"><h3 class=\"box-title\">Sofortige Linderung<\/h3><p class=\"choose-about_text desc\">Vergessen Sie die l\u00e4stige Parkplatzsuche und genie\u00dfen Sie von Anfang an ein reibungsloses Erlebnis.<\/p><\/div><\/div><div class=\"choose-about style2 hover-item\"><div class=\"choose-about_icon\"><img decoding=\"async\" src=\"https:\/\/laststopgroup.net\/wp-content\/uploads\/2025\/11\/driver.png\" alt=\"image\"><\/div><div class=\"media-body\"><h3 class=\"box-title\">Professioneller Service<\/h3><p class=\"choose-about_text desc\">Geschulte Fahrer sorgen jederzeit f\u00fcr Ihren Komfort und Ihre Sicherheit.<\/p><\/div><\/div>\t\t\t\t<\/div>\n\t\t\t\t<\/div>\n\t\t\t\t<\/div>\n\t\t\t\t\t<\/div>\n\t\t\t\t<\/div>\n\t\t\t\t\t<\/div>\n\t\t\t\t<\/div>\n\t\t\t\t<\/div>","protected":false},"excerpt":{"rendered":"<p>\u062e\u062f\u0645\u0627\u062a VALET: \u0631\u0641\u0627\u0647\u064a\u0629 \u062a\u0628\u062f\u0623 \u0645\u0646 \u0644\u062d\u0638\u0629 \u0627\u0644\u0648\u0635\u0648\u0644 \u062a\u062c\u0631\u0628\u0629 \u0631\u0627\u0642\u064a\u0629 \u0648\u0639\u0635\u0631\u064a\u0629 \u0648\u0623\u0633\u0644\u0648\u0628 \u0631\u0641\u0627\u0647\u064a\u0629 \u0646\u0636\u0639 \u0631\u0627\u062d\u062a\u0643 \u0623\u0648\u0644\u0627\u064b\u061b \u062d\u064a\u062b \u064a\u0642\u0648\u0645 \u062e\u0628\u064a\u0631 \u0645\u062d\u062a\u0631\u0641 \u0628\u062a\u0644\u0642\u064a \u0633\u064a\u0627\u0631\u062a\u0643 \u0648\u0631\u0643\u0646\u0647\u0627 \u0641\u064a \u0645\u0643\u0627\u0646 \u0622\u0645\u0646\u060c \u0644\u062a\u0633\u062a\u0645\u062a\u0639 \u0628\u062a\u062c\u0631\u0628\u0629 \u0641\u062e\u0627\u0645\u0629 \u0627\u0633\u062a\u062b\u0646\u0627\u0626\u064a\u0629 \u0648\u062e\u0627\u0644\u064a\u0629 \u0645\u0646 \u0639\u0646\u0627\u0621 \u0627\u0644\u0628\u062d\u062b \u0639\u0646 \u0645\u0648\u0642\u0641\u060c \u0645\u0645\u0627 \u064a\u0639\u0632\u0632 \u062a\u062c\u0631\u0628\u0629 \u0627\u0644\u0639\u0645\u064a\u0644 \u0648\u064a\u062d\u0642\u0642 \u0643\u0641\u0627\u0621\u0629 \u0641\u064a \u0625\u062f\u0627\u0631\u0629 \u0645\u0648\u0627\u0642\u0641 \u0627\u0644\u0633\u064a\u0627\u0631\u0627\u062a. \u0631\u0627\u062d\u0629 \u0641\u0648\u0631\u064a\u0629 \u0648\u062f\u0651\u0639 \u0639\u0646\u0627\u0621 \u0627\u0644\u0628\u062d\u062b \u0639\u0646 \u0645\u0648\u0642\u0641 \u0648\u0627\u0633\u062a\u0645\u062a\u0639 \u0628\u062a\u062c\u0631\u0628\u0629 \u0633\u0644\u0633\u0629&#8230;<\/p>","protected":false},"author":1,"featured_media":0,"parent":0,"menu_order":0,"comment_status":"closed","ping_status":"closed","template":"elementor_header_footer","meta":{"footnotes":""},"class_list":["post-1218","page","type-page","status-publish","hentry","page--item"],"_links":{"self":[{"href":"https:\/\/laststopgroup.net\/de\/wp-json\/wp\/v2\/pages\/1218","targetHints":{"allow":["GET"]}}],"collection":[{"href":"https:\/\/laststopgroup.net\/de\/wp-json\/wp\/v2\/pages"}],"about":[{"href":"https:\/\/laststopgroup.net\/de\/wp-json\/wp\/v2\/types\/page"}],"author":[{"embeddable":true,"href":"https:\/\/laststopgroup.net\/de\/wp-json\/wp\/v2\/users\/1"}],"replies":[{"embeddable":true,"href":"https:\/\/laststopgroup.net\/de\/wp-json\/wp\/v2\/comments?post=1218"}],"version-history":[{"count":10,"href":"https:\/\/laststopgroup.net\/de\/wp-json\/wp\/v2\/pages\/1218\/revisions"}],"predecessor-version":[{"id":1705,"href":"https:\/\/laststopgroup.net\/de\/wp-json\/wp\/v2\/pages\/1218\/revisions\/1705"}],"wp:attachment":[{"href":"https:\/\/laststopgroup.net\/de\/wp-json\/wp\/v2\/media?parent=1218"}],"curies":[{"name":"wp","href":"https:\/\/api.w.org\/{rel}","templated":true}]}}